{"id":2,"date":"2012-05-02T07:58:29","date_gmt":"2012-05-02T07:58:29","guid":{"rendered":"http:\/\/vorlage.vr-hosting.de\/?page_id=2"},"modified":"2023-05-22T21:31:34","modified_gmt":"2023-05-22T21:31:34","slug":"beispiel-seite","status":"publish","type":"page","link":"http:\/\/bonsai-fulda.de\/","title":{"rendered":"Herzlich Willkommen"},"content":{"rendered":"<h3>Der Bonsai-Arbeitskreis-Hessische Rh\u00f6n- K\u00fcnzell wurde im April 1981 als einen von ca: 100 AKs. im Bonsai-Club Deutschland e.V. gegr\u00fcndet.<\/h3>\n<h2>\n<strong>Wir treffen uns jeden 1. Dienstag im Monat im B\u00fcrgerhaus Wissel (K\u00fcnzell) um 19:30 Uhr.<\/strong><\/h2>\n<p>G\u00e4ste sind herzlich Willkommen<br \/>\nWir sehen unsere Hauptaufgabe darin, die Bonsaikunst in Deutschland bekannter zu machen und alle Informationen rund um das Thema-Bonsai- an die Interessenten weiterzugeben. Die Erfahrungen anderer Bonsaifreunde werden genutzt und eigene Erfahrungen in die gemeinsame Arbeit eingebracht.<br \/>\nEs gibt viele Gr\u00fcnde sich einem Arbeitskreis anzuschlie\u00dfen, ohne dabei die Vereinsmeierei f\u00fcrchten zu m\u00fcssen. In unserem AK hei\u00dfen wir G\u00e4ste herzlich willkommen.<\/p>\n<p>Der Begriff &#8211; Bonsai &#8211; umschreibt die Praxis, verholzende Pflanzen in besonderen T\u00f6pfen zu kultivieren.<br \/>\nZiel ist die Gestaltung des verkleinerten Abbildes eines voll entwickelten, nat\u00fcrlich erscheinenden Baumes in einer speziellen Schale.<br \/>\nDie w\u00f6rtliche \u00dcbersetzung des japanischen Wortes -Bonsai- ist -eingepflanzt- oder -einpflanzen-. Die sinngem\u00e4\u00dfe Umschreibung -Baum in der Schale- weist auf die notwendige Einheit von Pflanze und Gef\u00e4\u00df hin.<br \/>\nDer eigentliche Ursprung liegt wohl in China. Dort nennt man die kleinen B\u00e4ume -Penjing-.<br \/>\nDie Japaner waren es jedoch, die diese Aktivit\u00e4t zu der heutigen Kunstform verfeinert und diese bekannt gemacht haben.<br \/>\nBei Bonsai handelt es sich nicht um spezielle Z\u00fcchtungen, Bonsai k\u00f6nnen aus vielen Baumarten, Str\u00e4uchern oder Rankgew\u00e4chsen gestaltet und geschaffen werden. Nicht nur aus Samen und Stecklingen, sondern auch aus Baumschulware und aus \u00e4lteren, wild aufgewachsenen Pflanzen werden Bonsai gestaltet.Dadurch kann das tats\u00e4chliche Alter der Pflanze von deren Zeit als Bonsai stark abweichen.<br \/>\nWenn Sie gerade Ihren ersten Bonsai erworben haben, sollten Sie lernen ihn zu pflegen.<\/p>\n<p>Wir treffen uns jeden 1. Dienstag im Monat, au\u00dfer Juli + August, um 19:30 im B\u00fcrgerhaus&nbsp;Wissels (Am Streich 6;&nbsp;36093 K\u00fcnzell Wissels)<\/p>\n","protected":false},"excerpt":{"rendered":"<p>Der Bonsai-Arbeitskreis-Hessische Rh\u00f6n- K\u00fcnzell wurde im April 1981 als einen von ca: 100 AKs. im Bonsai-Club Deutschland e.V. gegr\u00fcndet. Wir treffen uns jeden 1. Dienstag im Monat im B\u00fcrgerhaus Wissel (K\u00fcnzell) um 19:30 Uhr. G\u00e4ste sind herzlich Willkommen Wir sehen unsere Hauptaufgabe darin, die Bonsaikunst in Deutschland bekannter zu machen und alle Informationen rund um das Thema-Bonsai- an die Interessenten weiterzugeben. Die Erfahrungen anderer Bonsaifreunde werden genutzt und eigene Erfahrungen in die gemeinsame Arbeit eingebracht. Es gibt viele Gr\u00fcnde sich [&hellip;]<\/p>\n","protected":false},"author":1,"featured_media":0,"parent":0,"menu_order":0,"comment_status":"closed","ping_status":"closed","template":"","meta":{"footnotes":""},"class_list":["post-2","page","type-page","status-publish","hentry"],"_links":{"self":[{"href":"http:\/\/bonsai-fulda.de\/index.php\/wp-json\/wp\/v2\/pages\/2","targetHints":{"allow":["GET"]}}],"collection":[{"href":"http:\/\/bonsai-fulda.de\/index.php\/wp-json\/wp\/v2\/pages"}],"about":[{"href":"http:\/\/bonsai-fulda.de\/index.php\/wp-json\/wp\/v2\/types\/page"}],"author":[{"embeddable":true,"href":"http:\/\/bonsai-fulda.de\/index.php\/wp-json\/wp\/v2\/users\/1"}],"replies":[{"embeddable":true,"href":"http:\/\/bonsai-fulda.de\/index.php\/wp-json\/wp\/v2\/comments?post=2"}],"version-history":[{"count":0,"href":"http:\/\/bonsai-fulda.de\/index.php\/wp-json\/wp\/v2\/pages\/2\/revisions"}],"wp:attachment":[{"href":"http:\/\/bonsai-fulda.de\/index.php\/wp-json\/wp\/v2\/media?parent=2"}],"curies":[{"name":"wp","href":"https:\/\/api.w.org\/{rel}","templated":true}]}}